{"id":16,"date":"2026-04-28T16:09:23","date_gmt":"2026-04-28T19:09:23","guid":{"rendered":"https:\/\/montezano.letsite.com.br\/?page_id=16"},"modified":"2026-04-29T10:48:56","modified_gmt":"2026-04-29T13:48:56","slug":"areas-de-atuacao","status":"publish","type":"page","link":"https:\/\/montezano.letsite.com.br\/en\/areas-de-atuacao\/","title":{"rendered":"(PT) \u00c1reas de atua\u00e7\u00e3o"},"content":{"rendered":"","protected":false},"excerpt":{"rendered":"<p class=\"qtranxs-available-languages-message qtranxs-available-languages-message-en\">Sorry, this entry is only available in <a href=\"https:\/\/montezano.letsite.com.br\/pb\/wp-json\/wp\/v2\/pages\/16\" class=\"qtranxs-available-language-link qtranxs-available-language-link-pb\" title=\"PT\">PT<\/a>.<\/p>\n","protected":false},"author":1,"featured_media":152,"parent":0,"menu_order":0,"comment_status":"closed","ping_status":"closed","template":"page-atuacao.php","meta":{"_acf_changed":false,"footnotes":""},"class_list":["post-16","page","type-page","status-publish","has-post-thumbnail","hentry"],"acf":[],"_links":{"self":[{"href":"https:\/\/montezano.letsite.com.br\/en\/wp-json\/wp\/v2\/pages\/16","targetHints":{"allow":["GET"]}}],"collection":[{"href":"https:\/\/montezano.letsite.com.br\/en\/wp-json\/wp\/v2\/pages"}],"about":[{"href":"https:\/\/montezano.letsite.com.br\/en\/wp-json\/wp\/v2\/types\/page"}],"author":[{"embeddable":true,"href":"https:\/\/montezano.letsite.com.br\/en\/wp-json\/wp\/v2\/users\/1"}],"replies":[{"embeddable":true,"href":"https:\/\/montezano.letsite.com.br\/en\/wp-json\/wp\/v2\/comments?post=16"}],"version-history":[{"count":2,"href":"https:\/\/montezano.letsite.com.br\/en\/wp-json\/wp\/v2\/pages\/16\/revisions"}],"predecessor-version":[{"id":151,"href":"https:\/\/montezano.letsite.com.br\/en\/wp-json\/wp\/v2\/pages\/16\/revisions\/151"}],"wp:featuredmedia":[{"embeddable":true,"href":"https:\/\/montezano.letsite.com.br\/en\/wp-json\/wp\/v2\/media\/152"}],"wp:attachment":[{"href":"https:\/\/montezano.letsite.com.br\/en\/wp-json\/wp\/v2\/media?parent=16"}],"curies":[{"name":"wp","href":"https:\/\/api.w.org\/{rel}","templated":true}]}}